{"id":1128,"date":"2022-10-16T14:23:40","date_gmt":"2022-10-16T12:23:40","guid":{"rendered":"https:\/\/www.circulacar.com\/?page_id=1128"},"modified":"2022-10-23T22:41:05","modified_gmt":"2022-10-23T20:41:05","slug":"vous-connaitre","status":"publish","type":"page","link":"https:\/\/www.circulacar.com\/en\/vous-connaitre\/","title":{"rendered":"vous-connaitre"},"content":{"rendered":"<div data-elementor-type=\"wp-page\" data-elementor-id=\"1128\" class=\"elementor elementor-1128\">\n\t\t\t\t\t\t<section class=\"elementor-section elementor-top-section elementor-element elementor-element-424f3e9 elementor-section-boxed elementor-section-height-default elementor-section-height-default\" data-id=\"424f3e9\" data-element_type=\"section\">\n\t\t\t\t\t\t<div class=\"elementor-container elementor-column-gap-default\">\n\t\t\t\t\t<div class=\"elementor-column elementor-col-100 elementor-top-column elementor-element elementor-element-05cb0a3\" data-id=\"05cb0a3\" data-element_type=\"column\">\n\t\t\t<div class=\"elementor-widget-wrap elementor-element-populated\">\n\t\t\t\t\t\t<div class=\"elementor-element elementor-element-397da1d elementor-widget-divider--view-line elementor-widget elementor-widget-divider\" data-id=\"397da1d\" data-element_type=\"widget\" data-widget_type=\"divider.default\">\n\t\t\t\t<div class=\"elementor-widget-container\">\n\t\t\t\t\t\t\t<div class=\"elementor-divider\">\n\t\t\t<span class=\"elementor-divider-separator\">\n\t\t\t\t\t\t<\/span>\n\t\t<\/div>\n\t\t\t\t\t\t<\/div>\n\t\t\t\t<\/div>\n\t\t\t\t<div class=\"elementor-element elementor-element-8f9cd7f elementor-invisible elementor-widget elementor-widget-heading\" data-id=\"8f9cd7f\" data-element_type=\"widget\" data-settings=\"{&quot;_animation&quot;:&quot;fadeIn&quot;}\" data-widget_type=\"heading.default\">\n\t\t\t\t<div class=\"elementor-widget-container\">\n\t\t\t\t\t<h2 class=\"elementor-heading-title elementor-size-default\">Vous conna\u00eetre<\/h2>\t\t\t\t<\/div>\n\t\t\t\t<\/div>\n\t\t\t\t\t<\/div>\n\t\t<\/div>\n\t\t\t\t\t<\/div>\n\t\t<\/section>\n\t\t\t\t<section class=\"elementor-section elementor-top-section elementor-element elementor-element-5d271c8 elementor-section-boxed elementor-section-height-default elementor-section-height-default\" data-id=\"5d271c8\" data-element_type=\"section\">\n\t\t\t\t\t\t<div class=\"elementor-container elementor-column-gap-default\">\n\t\t\t\t\t<div class=\"elementor-column elementor-col-50 elementor-top-column elementor-element elementor-element-9238866\" data-id=\"9238866\" data-element_type=\"column\">\n\t\t\t<div class=\"elementor-widget-wrap elementor-element-populated\">\n\t\t\t\t\t\t<div class=\"elementor-element elementor-element-4df3622 elementor-widget__width-initial elementor-widget elementor-widget-shortcode\" data-id=\"4df3622\" data-element_type=\"widget\" data-widget_type=\"shortcode.default\">\n\t\t\t\t<div class=\"elementor-widget-container\">\n\t\t\t\t\t\t\t<div class=\"elementor-shortcode\">\n<div class=\"wpcf7 no-js\" id=\"wpcf7-f1141-o1\" lang=\"fr-FR\" dir=\"ltr\" data-wpcf7-id=\"1141\">\n<div class=\"screen-reader-response\"><p role=\"status\" aria-live=\"polite\" aria-atomic=\"true\"><\/p> <ul><\/ul><\/div>\n<form action=\"\/en\/wp-json\/wp\/v2\/pages\/1128#wpcf7-f1141-o1\" method=\"post\" class=\"wpcf7-form init\" aria-label=\"Formulaire de contact\" novalidate=\"novalidate\" data-status=\"init\" data-trp-original-action=\"\/en\/wp-json\/wp\/v2\/pages\/1128#wpcf7-f1141-o1\">\n<fieldset class=\"hidden-fields-container\"><input type=\"hidden\" name=\"_wpcf7\" value=\"1141\" \/><input type=\"hidden\" name=\"_wpcf7_version\" value=\"6.1\" \/><input type=\"hidden\" name=\"_wpcf7_locale\" value=\"fr_FR\" \/><input type=\"hidden\" name=\"_wpcf7_unit_tag\" value=\"wpcf7-f1141-o1\" \/><input type=\"hidden\" name=\"_wpcf7_container_post\" value=\"0\" \/><input type=\"hidden\" name=\"_wpcf7_posted_data_hash\" value=\"\" \/><input type=\"hidden\" name=\"_wpcf7_recaptcha_response\" value=\"\" \/>\n<\/fieldset>\n<p>Pr\u00e9nom*<br \/>\n<span class=\"wpcf7-form-control-wrap\" data-name=\"your-name\"><input size=\"40\" maxlength=\"400\" class=\"wpcf7-form-control wpcf7-text wpcf7-validates-as-required\" aria-required=\"true\" aria-invalid=\"false\" value=\"\" type=\"text\" name=\"your-name\" \/><\/span>\n<\/p>\n<p>Nom*<br \/>\n<span class=\"wpcf7-form-control-wrap\" data-name=\"nom\"><input size=\"50\" maxlength=\"400\" class=\"wpcf7-form-control wpcf7-text wpcf7-validates-as-required\" aria-required=\"true\" aria-invalid=\"false\" value=\"\" type=\"text\" name=\"nom\" \/><\/span>\n<\/p>\n<p>E-mail*<br \/>\n<span class=\"wpcf7-form-control-wrap\" data-name=\"your-email\"><input size=\"10\" maxlength=\"400\" class=\"wpcf7-form-control wpcf7-email wpcf7-validates-as-required wpcf7-text wpcf7-validates-as-email\" aria-required=\"true\" aria-invalid=\"false\" value=\"\" type=\"email\" name=\"your-email\" \/><\/span>\n<\/p>\n<p>T\u00e9l\u00e9phone*<br \/>\n<span class=\"wpcf7-form-control-wrap\" data-name=\"telephone\"><input size=\"40\" maxlength=\"400\" class=\"wpcf7-form-control wpcf7-tel wpcf7-validates-as-required wpcf7-text wpcf7-validates-as-tel\" aria-required=\"true\" aria-invalid=\"false\" value=\"\" type=\"tel\" name=\"telephone\" \/><\/span>\n<\/p>\n<p>Vous \u00eates*<br \/>\n<span class=\"wpcf7-form-control-wrap\" data-name=\"personne\"><span class=\"wpcf7-form-control wpcf7-radio\"><span class=\"wpcf7-list-item first\"><span class=\"wpcf7-list-item-label\">un professionnel<\/span><input type=\"radio\" name=\"personne\" value=\"un professionnel\" checked=\"checked\" \/><\/span><span class=\"wpcf7-list-item\"><span class=\"wpcf7-list-item-label\">un particulier<\/span><input type=\"radio\" name=\"personne\" value=\"un particulier\" \/><\/span><span class=\"wpcf7-list-item last\"><span class=\"wpcf7-list-item-label\">une collectivit\u00e9<\/span><input type=\"radio\" name=\"personne\" value=\"une collectivit\u00e9\" \/><\/span><\/span><\/span>\n<\/p>\n<p>Nom de l'entreprise<br \/>\n<span class=\"wpcf7-form-control-wrap\" data-name=\"entreprise\"><input size=\"50\" maxlength=\"400\" class=\"wpcf7-form-control wpcf7-text\" aria-invalid=\"false\" value=\"\" type=\"text\" name=\"entreprise\" \/><\/span>\n<\/p>\n<p>Fonction dans l'entreprise<br \/>\n<span class=\"wpcf7-form-control-wrap\" data-name=\"fonction\"><input size=\"50\" maxlength=\"400\" class=\"wpcf7-form-control wpcf7-text\" aria-invalid=\"false\" value=\"\" type=\"text\" name=\"fonction\" \/><\/span>\n<\/p>\n<p>Quel(s) mod\u00e8le(s) de v\u00e9hicules souhaitez-vous convertir ?*<br \/>\n<span class=\"wpcf7-form-control-wrap\" data-name=\"modele\"><select class=\"wpcf7-form-control wpcf7-select\" aria-invalid=\"false\" multiple=\"multiple\" name=\"modele[]\"><option value=\"\">&#8212;Veuillez choisir une option&#8212;<\/option><option value=\"Citro\u00ebn Berlingo II\">Citro\u00ebn Berlingo II<\/option><option value=\"Peugeot Partner II\">Peugeot Partner II<\/option><option value=\"Renault Kangoo II\">Renault Kangoo II<\/option><option value=\"Mercedes Citan\">Mercedes Citan<\/option><option value=\"Fiat Doblo II\">Fiat Doblo II<\/option><option value=\"Opel Combo C\">Opel Combo C<\/option><option value=\"Citro\u00ebn Nemo\">Citro\u00ebn Nemo<\/option><option value=\"Peugeot Bipper\">Peugeot Bipper<\/option><option value=\"Fiat Fiorino III\">Fiat Fiorino III<\/option><option value=\"Citro\u00ebn Jumpy II\">Citro\u00ebn Jumpy II<\/option><option value=\"Peugeot Expert II\">Peugeot Expert II<\/option><option value=\"Fiat Scudo II\">Fiat Scudo II<\/option><\/select><\/span>\n<\/p>\n<p>Commentaire (facultatif)<br \/>\n<span class=\"wpcf7-form-control-wrap\" data-name=\"your-message\"><textarea cols=\"40\" rows=\"10\" maxlength=\"2000\" class=\"wpcf7-form-control wpcf7-textarea\" aria-invalid=\"false\" name=\"your-message\"><\/textarea><\/span>\n<\/p>\n<p><span class=\"wpcf7-form-control-wrap\" data-name=\"rgpd\"><span class=\"wpcf7-form-control wpcf7-checkbox wpcf7-validates-as-required wpcf7-exclusive-checkbox\"><span class=\"wpcf7-list-item first last\"><input type=\"checkbox\" name=\"rgpd\" value=\"En soumettant ce formulaire, j&#039;accepte que mes informations saisies soient exploit\u00e9es uniquement dans le cadre de ma demande et de la relation commerciale \u00e9thique et personnalis\u00e9e qui peut en d\u00e9couler.*\" \/><span class=\"wpcf7-list-item-label\">En soumettant ce formulaire, j&#039;accepte que mes informations saisies soient exploit\u00e9es uniquement dans le cadre de ma demande et de la relation commerciale \u00e9thique et personnalis\u00e9e qui peut en d\u00e9couler.*<\/span><\/span><\/span><\/span>\n<\/p>\n<p><input class=\"wpcf7-form-control wpcf7-submit has-spinner\" type=\"submit\" value=\"Contact us\" \/>\n<\/p><div class=\"wpcf7-response-output\" aria-hidden=\"true\"><\/div>\n<input type=\"hidden\" name=\"trp-form-language\" value=\"en\"\/><\/form>\n<\/div>\n<\/div>\n\t\t\t\t\t\t<\/div>\n\t\t\t\t<\/div>\n\t\t\t\t\t<\/div>\n\t\t<\/div>\n\t\t\t\t<div class=\"elementor-column elementor-col-50 elementor-top-column elementor-element elementor-element-ec0890c elementor-hidden-mobile\" data-id=\"ec0890c\" data-element_type=\"column\">\n\t\t\t<div class=\"elementor-widget-wrap elementor-element-populated\">\n\t\t\t\t\t\t<div class=\"elementor-element elementor-element-9831b18 elementor-widget elementor-widget-heading\" data-id=\"9831b18\" data-element_type=\"widget\" data-widget_type=\"heading.default\">\n\t\t\t\t<div class=\"elementor-widget-container\">\n\t\t\t\t\t<h5 class=\"elementor-heading-title elementor-size-default\">Int\u00e9ress\u00e9s par la conversion \u00e0 l'\u00e9lectrique ? <br>Nous vous proposons ce formulaire pour comprendre vos besoins et vous contacter.<\/h5>\t\t\t\t<\/div>\n\t\t\t\t<\/div>\n\t\t\t\t<div class=\"elementor-element elementor-element-bc08231 elementor-widget elementor-widget-image\" data-id=\"bc08231\" data-element_type=\"widget\" data-widget_type=\"image.default\">\n\t\t\t\t<div class=\"elementor-widget-container\">\n\t\t\t\t\t\t\t\t\t\t\t\t\t\t\t<img fetchpriority=\"high\" decoding=\"async\" width=\"1024\" height=\"683\" src=\"https:\/\/www.circulacar.com\/wp-content\/uploads\/2022\/10\/photo_contact.jpg\" class=\"attachment-large size-large wp-image-1662\" alt=\"\" srcset=\"https:\/\/www.circulacar.com\/wp-content\/uploads\/2022\/10\/photo_contact.jpg 1024w, https:\/\/www.circulacar.com\/wp-content\/uploads\/2022\/10\/photo_contact-300x200.jpg 300w, https:\/\/www.circulacar.com\/wp-content\/uploads\/2022\/10\/photo_contact-768x512.jpg 768w\" sizes=\"(max-width: 1024px) 100vw, 1024px\" \/>\t\t\t\t\t\t\t\t\t\t\t\t\t\t\t<\/div>\n\t\t\t\t<\/div>\n\t\t\t\t\t<\/div>\n\t\t<\/div>\n\t\t\t\t\t<\/div>\n\t\t<\/section>\n\t\t\t\t<\/div>","protected":false},"excerpt":{"rendered":"<p>Vous conna\u00eetre Int\u00e9ress\u00e9s par la conversion \u00e0 l&rsquo;\u00e9lectrique ? Nous vous proposons ce formulaire pour comprendre vos besoins et vous contacter.<\/p>","protected":false},"author":1,"featured_media":0,"parent":0,"menu_order":0,"comment_status":"closed","ping_status":"closed","template":"","meta":{"site-sidebar-layout":"no-sidebar","site-content-layout":"page-builder","ast-global-header-display":"","ast-main-header-display":"","ast-hfb-above-header-display":"","ast-hfb-below-header-display":"","ast-hfb-mobile-header-display":"","site-post-title":"disabled","ast-breadcrumbs-content":"","ast-featured-img":"disabled","footer-sml-layout":"","theme-transparent-header-meta":"","adv-header-id-meta":"","stick-header-meta":"","header-above-stick-meta":"","header-main-stick-meta":"","header-below-stick-meta":"","footnotes":""},"class_list":["post-1128","page","type-page","status-publish","hentry"],"yoast_head":"<!-- This site is optimized with the Yoast SEO plugin v25.5 - https:\/\/yoast.com\/wordpress\/plugins\/seo\/ -->\n<title>vous-connaitre - CirculaCar - Fabricant de packs batterie LFP - Electrification<\/title>\n<meta name=\"robots\" content=\"index, follow, max-snippet:-1, max-image-preview:large, max-video-preview:-1\" \/>\n<link rel=\"canonical\" href=\"https:\/\/www.circulacar.com\/en\/vous-connaitre\/\" \/>\n<meta property=\"og:locale\" content=\"en_GB\" \/>\n<meta property=\"og:type\" content=\"article\" \/>\n<meta property=\"og:title\" content=\"vous-connaitre - CirculaCar - Fabricant de packs batterie LFP - Electrification\" \/>\n<meta property=\"og:description\" content=\"Vous conna\u00eetre Int\u00e9ress\u00e9s par la conversion \u00e0 l&rsquo;\u00e9lectrique ? Nous vous proposons ce formulaire pour comprendre vos besoins et vous contacter.\" \/>\n<meta property=\"og:url\" content=\"https:\/\/www.circulacar.com\/en\/vous-connaitre\/\" \/>\n<meta property=\"og:site_name\" content=\"CirculaCar - Fabricant de packs batterie LFP - Electrification\" \/>\n<meta property=\"article:publisher\" content=\"https:\/\/www.facebook.com\/circulacar\" \/>\n<meta property=\"article:modified_time\" content=\"2022-10-23T20:41:05+00:00\" \/>\n<meta property=\"og:image\" content=\"https:\/\/www.circulacar.com\/wp-content\/uploads\/2022\/10\/photo_contact.jpg\" \/>\n<meta name=\"twitter:card\" content=\"summary_large_image\" \/>\n<script type=\"application\/ld+json\" class=\"yoast-schema-graph\">{\"@context\":\"https:\/\/schema.org\",\"@graph\":[{\"@type\":\"WebPage\",\"@id\":\"https:\/\/www.circulacar.com\/vous-connaitre\/\",\"url\":\"https:\/\/www.circulacar.com\/vous-connaitre\/\",\"name\":\"vous-connaitre - CirculaCar - Fabricant de packs batterie LFP - Electrification\",\"isPartOf\":{\"@id\":\"https:\/\/www.circulacar.com\/#website\"},\"primaryImageOfPage\":{\"@id\":\"https:\/\/www.circulacar.com\/vous-connaitre\/#primaryimage\"},\"image\":{\"@id\":\"https:\/\/www.circulacar.com\/vous-connaitre\/#primaryimage\"},\"thumbnailUrl\":\"https:\/\/www.circulacar.com\/wp-content\/uploads\/2022\/10\/photo_contact.jpg\",\"datePublished\":\"2022-10-16T12:23:40+00:00\",\"dateModified\":\"2022-10-23T20:41:05+00:00\",\"breadcrumb\":{\"@id\":\"https:\/\/www.circulacar.com\/vous-connaitre\/#breadcrumb\"},\"inLanguage\":\"en-GB\",\"potentialAction\":[{\"@type\":\"ReadAction\",\"target\":[\"https:\/\/www.circulacar.com\/vous-connaitre\/\"]}]},{\"@type\":\"ImageObject\",\"inLanguage\":\"en-GB\",\"@id\":\"https:\/\/www.circulacar.com\/vous-connaitre\/#primaryimage\",\"url\":\"https:\/\/www.circulacar.com\/wp-content\/uploads\/2022\/10\/photo_contact.jpg\",\"contentUrl\":\"https:\/\/www.circulacar.com\/wp-content\/uploads\/2022\/10\/photo_contact.jpg\"},{\"@type\":\"BreadcrumbList\",\"@id\":\"https:\/\/www.circulacar.com\/vous-connaitre\/#breadcrumb\",\"itemListElement\":[{\"@type\":\"ListItem\",\"position\":1,\"name\":\"Accueil\",\"item\":\"https:\/\/www.circulacar.com\/\"},{\"@type\":\"ListItem\",\"position\":2,\"name\":\"vous-connaitre\"}]},{\"@type\":\"WebSite\",\"@id\":\"https:\/\/www.circulacar.com\/#website\",\"url\":\"https:\/\/www.circulacar.com\/\",\"name\":\"CirculaCar - Fabricant de packs batterie LFP - Electrification\",\"description\":\"Electrification de v\u00e9hicules\",\"publisher\":{\"@id\":\"https:\/\/www.circulacar.com\/#organization\"},\"potentialAction\":[{\"@type\":\"SearchAction\",\"target\":{\"@type\":\"EntryPoint\",\"urlTemplate\":\"https:\/\/www.circulacar.com\/?s={search_term_string}\"},\"query-input\":{\"@type\":\"PropertyValueSpecification\",\"valueRequired\":true,\"valueName\":\"search_term_string\"}}],\"inLanguage\":\"en-GB\"},{\"@type\":\"Organization\",\"@id\":\"https:\/\/www.circulacar.com\/#organization\",\"name\":\"CirculaCar: Convertissez votre v\u00e9hicule \u00e0 l'\u00e9lectrique\",\"url\":\"https:\/\/www.circulacar.com\/\",\"logo\":{\"@type\":\"ImageObject\",\"inLanguage\":\"en-GB\",\"@id\":\"https:\/\/www.circulacar.com\/#\/schema\/logo\/image\/\",\"url\":\"https:\/\/www.circulacar.com\/wp-content\/uploads\/2022\/10\/Logo.png\",\"contentUrl\":\"https:\/\/www.circulacar.com\/wp-content\/uploads\/2022\/10\/Logo.png\",\"width\":180,\"height\":139,\"caption\":\"CirculaCar: Convertissez votre v\u00e9hicule \u00e0 l'\u00e9lectrique\"},\"image\":{\"@id\":\"https:\/\/www.circulacar.com\/#\/schema\/logo\/image\/\"},\"sameAs\":[\"https:\/\/www.facebook.com\/circulacar\",\"https:\/\/www.linkedin.com\/company\/circulacar\",\"https:\/\/www.instagram.com\/circulacar\/\"]}]}<\/script>\n<!-- \/ Yoast SEO plugin. -->","yoast_head_json":{"title":"vous-connaitre - CirculaCar - Fabricant de packs batterie LFP - Electrification","robots":{"index":"index","follow":"follow","max-snippet":"max-snippet:-1","max-image-preview":"max-image-preview:large","max-video-preview":"max-video-preview:-1"},"canonical":"https:\/\/www.circulacar.com\/en\/vous-connaitre\/","og_locale":"en_GB","og_type":"article","og_title":"vous-connaitre - CirculaCar - Fabricant de packs batterie LFP - Electrification","og_description":"Vous conna\u00eetre Int\u00e9ress\u00e9s par la conversion \u00e0 l&rsquo;\u00e9lectrique ? Nous vous proposons ce formulaire pour comprendre vos besoins et vous contacter.","og_url":"https:\/\/www.circulacar.com\/en\/vous-connaitre\/","og_site_name":"CirculaCar - Fabricant de packs batterie LFP - Electrification","article_publisher":"https:\/\/www.facebook.com\/circulacar","article_modified_time":"2022-10-23T20:41:05+00:00","og_image":[{"url":"https:\/\/www.circulacar.com\/wp-content\/uploads\/2022\/10\/photo_contact.jpg","type":"","width":"","height":""}],"twitter_card":"summary_large_image","schema":{"@context":"https:\/\/schema.org","@graph":[{"@type":"WebPage","@id":"https:\/\/www.circulacar.com\/vous-connaitre\/","url":"https:\/\/www.circulacar.com\/vous-connaitre\/","name":"vous-connaitre - CirculaCar - Fabricant de packs batterie LFP - Electrification","isPartOf":{"@id":"https:\/\/www.circulacar.com\/#website"},"primaryImageOfPage":{"@id":"https:\/\/www.circulacar.com\/vous-connaitre\/#primaryimage"},"image":{"@id":"https:\/\/www.circulacar.com\/vous-connaitre\/#primaryimage"},"thumbnailUrl":"https:\/\/www.circulacar.com\/wp-content\/uploads\/2022\/10\/photo_contact.jpg","datePublished":"2022-10-16T12:23:40+00:00","dateModified":"2022-10-23T20:41:05+00:00","breadcrumb":{"@id":"https:\/\/www.circulacar.com\/vous-connaitre\/#breadcrumb"},"inLanguage":"en-GB","potentialAction":[{"@type":"ReadAction","target":["https:\/\/www.circulacar.com\/vous-connaitre\/"]}]},{"@type":"ImageObject","inLanguage":"en-GB","@id":"https:\/\/www.circulacar.com\/vous-connaitre\/#primaryimage","url":"https:\/\/www.circulacar.com\/wp-content\/uploads\/2022\/10\/photo_contact.jpg","contentUrl":"https:\/\/www.circulacar.com\/wp-content\/uploads\/2022\/10\/photo_contact.jpg"},{"@type":"BreadcrumbList","@id":"https:\/\/www.circulacar.com\/vous-connaitre\/#breadcrumb","itemListElement":[{"@type":"ListItem","position":1,"name":"Accueil","item":"https:\/\/www.circulacar.com\/"},{"@type":"ListItem","position":2,"name":"vous-connaitre"}]},{"@type":"WebSite","@id":"https:\/\/www.circulacar.com\/#website","url":"https:\/\/www.circulacar.com\/","name":"CirculaCar - Fabricant de packs batterie LFP - Electrification","description":"Electrification de v\u00e9hicules","publisher":{"@id":"https:\/\/www.circulacar.com\/#organization"},"potentialAction":[{"@type":"SearchAction","target":{"@type":"EntryPoint","urlTemplate":"https:\/\/www.circulacar.com\/?s={search_term_string}"},"query-input":{"@type":"PropertyValueSpecification","valueRequired":true,"valueName":"search_term_string"}}],"inLanguage":"en-GB"},{"@type":"Organization","@id":"https:\/\/www.circulacar.com\/#organization","name":"CirculaCar: Convertissez votre v\u00e9hicule \u00e0 l'\u00e9lectrique","url":"https:\/\/www.circulacar.com\/","logo":{"@type":"ImageObject","inLanguage":"en-GB","@id":"https:\/\/www.circulacar.com\/#\/schema\/logo\/image\/","url":"https:\/\/www.circulacar.com\/wp-content\/uploads\/2022\/10\/Logo.png","contentUrl":"https:\/\/www.circulacar.com\/wp-content\/uploads\/2022\/10\/Logo.png","width":180,"height":139,"caption":"CirculaCar: Convertissez votre v\u00e9hicule \u00e0 l'\u00e9lectrique"},"image":{"@id":"https:\/\/www.circulacar.com\/#\/schema\/logo\/image\/"},"sameAs":["https:\/\/www.facebook.com\/circulacar","https:\/\/www.linkedin.com\/company\/circulacar","https:\/\/www.instagram.com\/circulacar\/"]}]}},"_links":{"self":[{"href":"https:\/\/www.circulacar.com\/en\/wp-json\/wp\/v2\/pages\/1128","targetHints":{"allow":["GET"]}}],"collection":[{"href":"https:\/\/www.circulacar.com\/en\/wp-json\/wp\/v2\/pages"}],"about":[{"href":"https:\/\/www.circulacar.com\/en\/wp-json\/wp\/v2\/types\/page"}],"author":[{"embeddable":true,"href":"https:\/\/www.circulacar.com\/en\/wp-json\/wp\/v2\/users\/1"}],"replies":[{"embeddable":true,"href":"https:\/\/www.circulacar.com\/en\/wp-json\/wp\/v2\/comments?post=1128"}],"version-history":[{"count":0,"href":"https:\/\/www.circulacar.com\/en\/wp-json\/wp\/v2\/pages\/1128\/revisions"}],"wp:attachment":[{"href":"https:\/\/www.circulacar.com\/en\/wp-json\/wp\/v2\/media?parent=1128"}],"curies":[{"name":"wp","href":"https:\/\/api.w.org\/{rel}","templated":true}]}}