{"id":1588,"date":"2022-10-22T13:13:50","date_gmt":"2022-10-22T11:13:50","guid":{"rendered":"https:\/\/www.circulacar.com\/?page_id=1588"},"modified":"2025-06-11T16:39:56","modified_gmt":"2025-06-11T14:39:56","slug":"nos-valeurs","status":"publish","type":"page","link":"https:\/\/www.circulacar.com\/en\/nos-valeurs\/","title":{"rendered":"Our values"},"content":{"rendered":"<div data-elementor-type=\"wp-page\" data-elementor-id=\"1588\" class=\"elementor elementor-1588\">\n\t\t\t\t\t\t<section class=\"elementor-section elementor-top-section elementor-element elementor-element-d9927b3 elementor-section-boxed elementor-section-height-default elementor-section-height-default\" data-id=\"d9927b3\" data-element_type=\"section\">\n\t\t\t\t\t\t\t<div class=\"elementor-background-overlay\"><\/div>\n\t\t\t\t\t\t\t<div class=\"elementor-container elementor-column-gap-default\">\n\t\t\t\t\t<div class=\"elementor-column elementor-col-100 elementor-top-column elementor-element elementor-element-9d87d01\" data-id=\"9d87d01\" data-element_type=\"column\">\n\t\t\t<div class=\"elementor-widget-wrap elementor-element-populated\">\n\t\t\t\t\t\t<div class=\"elementor-element elementor-element-baa3fdf elementor-widget-divider--view-line elementor-widget elementor-widget-divider\" data-id=\"baa3fdf\" data-element_type=\"widget\" data-widget_type=\"divider.default\">\n\t\t\t\t<div class=\"elementor-widget-container\">\n\t\t\t\t\t\t\t<div class=\"elementor-divider\">\n\t\t\t<span class=\"elementor-divider-separator\">\n\t\t\t\t\t\t<\/span>\n\t\t<\/div>\n\t\t\t\t\t\t<\/div>\n\t\t\t\t<\/div>\n\t\t\t\t<div class=\"elementor-element elementor-element-87da454 elementor-invisible elementor-widget elementor-widget-heading\" data-id=\"87da454\" data-element_type=\"widget\" data-settings=\"{&quot;_animation&quot;:&quot;fadeIn&quot;}\" data-widget_type=\"heading.default\">\n\t\t\t\t<div class=\"elementor-widget-container\">\n\t\t\t\t\t<h2 class=\"elementor-heading-title elementor-size-default\">Our values<\/h2>\t\t\t\t<\/div>\n\t\t\t\t<\/div>\n\t\t\t\t\t<\/div>\n\t\t<\/div>\n\t\t\t\t\t<\/div>\n\t\t<\/section>\n\t\t\t\t<section class=\"elementor-section elementor-top-section elementor-element elementor-element-cd46f08 elementor-section-boxed elementor-section-height-default elementor-section-height-default\" data-id=\"cd46f08\" data-element_type=\"section\" data-settings=\"{&quot;background_background&quot;:&quot;classic&quot;}\">\n\t\t\t\t\t\t<div class=\"elementor-container elementor-column-gap-default\">\n\t\t\t\t\t<div class=\"elementor-column elementor-col-50 elementor-top-column elementor-element elementor-element-5277f55\" data-id=\"5277f55\" data-element_type=\"column\" data-settings=\"{&quot;background_background&quot;:&quot;classic&quot;}\">\n\t\t\t<div class=\"elementor-widget-wrap elementor-element-populated\">\n\t\t\t\t\t\t<div class=\"elementor-element elementor-element-680b37f elementor-widget elementor-widget-heading\" data-id=\"680b37f\" data-element_type=\"widget\" data-widget_type=\"heading.default\">\n\t\t\t\t<div class=\"elementor-widget-container\">\n\t\t\t\t\t<h5 class=\"elementor-heading-title elementor-size-default\">Reducing CO2 in mobility<\/h5>\t\t\t\t<\/div>\n\t\t\t\t<\/div>\n\t\t\t\t<div class=\"elementor-element elementor-element-988c037 elementor-widget elementor-widget-text-editor\" data-id=\"988c037\" data-element_type=\"widget\" data-widget_type=\"text-editor.default\">\n\t\t\t\t<div class=\"elementor-widget-container\">\n\t\t\t\t\t\t\t\t\t<p>Created in 2022, CirculaCar has enshrined in its statutes a <strong>commitment to cleaner mobility through the circular economy and extending the lifespan of vehicles<\/strong>. In France <strong>the transport sector is the largest source of CO2 emissions,<\/strong> accounting for 31%.<\/p><p>We are convinced that it is necessary to<strong>increase the share of the circular economy in the automotive market<\/strong> to make vehicles <strong>environmentally sustainable and economically accessible<\/strong>.<\/p><p><strong>Electric conversion is a real decarbonization solution<\/strong> in mobility. Converting a utility vehicle to electric <strong>saves 56% of greenhouse gas emissions<\/strong> compared to buying a new vehicle, saving<strong>10 tons of CO2 emissions<\/strong> for an average use of 10 years and 10,000 km\/year.\u00a0<\/p><p><span style=\"font-style: inherit; font-weight: inherit; color: var(--ast-global-color-3);\">Air pollution also causes <strong>40,000 deaths per year<\/strong> in France, converting to electric also eliminates emissions <strong>of harmful NOx for health.<\/strong><\/span><\/p>\t\t\t\t\t\t\t\t<\/div>\n\t\t\t\t<\/div>\n\t\t\t\t\t<\/div>\n\t\t<\/div>\n\t\t\t\t<div class=\"elementor-column elementor-col-50 elementor-top-column elementor-element elementor-element-d557883\" data-id=\"d557883\" data-element_type=\"column\" data-settings=\"{&quot;background_background&quot;:&quot;classic&quot;}\">\n\t\t\t<div class=\"elementor-widget-wrap elementor-element-populated\">\n\t\t\t\t\t\t<div class=\"elementor-element elementor-element-9746f3d elementor-widget elementor-widget-image\" data-id=\"9746f3d\" data-element_type=\"widget\" data-widget_type=\"image.default\">\n\t\t\t\t<div class=\"elementor-widget-container\">\n\t\t\t\t\t\t\t\t\t\t\t\t\t\t\t<img fetchpriority=\"high\" decoding=\"async\" width=\"652\" height=\"401\" src=\"https:\/\/www.circulacar.com\/wp-content\/uploads\/2022\/10\/view-of-green-forest-trees-with-co2.jpg\" class=\"attachment-large size-large wp-image-1601\" alt=\"\" srcset=\"https:\/\/www.circulacar.com\/wp-content\/uploads\/2022\/10\/view-of-green-forest-trees-with-co2.jpg 652w, https:\/\/www.circulacar.com\/wp-content\/uploads\/2022\/10\/view-of-green-forest-trees-with-co2-300x185.jpg 300w\" sizes=\"(max-width: 652px) 100vw, 652px\" \/>\t\t\t\t\t\t\t\t\t\t\t\t\t\t\t<\/div>\n\t\t\t\t<\/div>\n\t\t\t\t\t<\/div>\n\t\t<\/div>\n\t\t\t\t\t<\/div>\n\t\t<\/section>\n\t\t\t\t<section class=\"elementor-section elementor-top-section elementor-element elementor-element-ff9b8ef elementor-section-boxed elementor-section-height-default elementor-section-height-default\" data-id=\"ff9b8ef\" data-element_type=\"section\" data-settings=\"{&quot;background_background&quot;:&quot;classic&quot;}\">\n\t\t\t\t\t\t<div class=\"elementor-container elementor-column-gap-default\">\n\t\t\t\t\t<div class=\"elementor-column elementor-col-50 elementor-top-column elementor-element elementor-element-1755d2b\" data-id=\"1755d2b\" data-element_type=\"column\" data-settings=\"{&quot;background_background&quot;:&quot;classic&quot;}\">\n\t\t\t<div class=\"elementor-widget-wrap elementor-element-populated\">\n\t\t\t\t\t\t<div class=\"elementor-element elementor-element-275a6ef elementor-widget elementor-widget-image\" data-id=\"275a6ef\" data-element_type=\"widget\" data-widget_type=\"image.default\">\n\t\t\t\t<div class=\"elementor-widget-container\">\n\t\t\t\t\t\t\t\t\t\t\t\t\t\t\t<img decoding=\"async\" width=\"300\" height=\"300\" src=\"https:\/\/www.circulacar.com\/wp-content\/uploads\/2025\/06\/Geoffrey-300x300.png\" class=\"attachment-medium size-medium wp-image-4604\" alt=\"\" srcset=\"https:\/\/www.circulacar.com\/wp-content\/uploads\/2025\/06\/Geoffrey-300x300.png 300w, https:\/\/www.circulacar.com\/wp-content\/uploads\/2025\/06\/Geoffrey-150x150.png 150w, https:\/\/www.circulacar.com\/wp-content\/uploads\/2025\/06\/Geoffrey-768x768.png 768w, https:\/\/www.circulacar.com\/wp-content\/uploads\/2025\/06\/Geoffrey-12x12.png 12w, https:\/\/www.circulacar.com\/wp-content\/uploads\/2025\/06\/Geoffrey.png 800w\" sizes=\"(max-width: 300px) 100vw, 300px\" \/>\t\t\t\t\t\t\t\t\t\t\t\t\t\t\t<\/div>\n\t\t\t\t<\/div>\n\t\t\t\t\t<\/div>\n\t\t<\/div>\n\t\t\t\t<div class=\"elementor-column elementor-col-50 elementor-top-column elementor-element elementor-element-09d3c58\" data-id=\"09d3c58\" data-element_type=\"column\" data-settings=\"{&quot;background_background&quot;:&quot;classic&quot;}\">\n\t\t\t<div class=\"elementor-widget-wrap elementor-element-populated\">\n\t\t\t\t\t\t<div class=\"elementor-element elementor-element-aac2925 elementor-widget elementor-widget-text-editor\" data-id=\"aac2925\" data-element_type=\"widget\" data-widget_type=\"text-editor.default\">\n\t\t\t\t<div class=\"elementor-widget-container\">\n\t\t\t\t\t\t\t\t\t<p><em>\"The automotive industry is one of the few sectors where it is currently recommended to buy new to preserve the planet instead of extending the lifespan of existing vehicles. It is from this observation that CirculaCar was born.\"<\/em><\/p>\t\t\t\t\t\t\t\t<\/div>\n\t\t\t\t<\/div>\n\t\t\t\t<div class=\"elementor-element elementor-element-ae17aeb elementor-widget elementor-widget-text-editor\" data-id=\"ae17aeb\" data-element_type=\"widget\" data-widget_type=\"text-editor.default\">\n\t\t\t\t<div class=\"elementor-widget-container\">\n\t\t\t\t\t\t\t\t\t<p>Geoffrey Pauwels &#8211; Cofondateur de CirculaCar<\/p>\t\t\t\t\t\t\t\t<\/div>\n\t\t\t\t<\/div>\n\t\t\t\t\t<\/div>\n\t\t<\/div>\n\t\t\t\t\t<\/div>\n\t\t<\/section>\n\t\t\t\t<section class=\"elementor-section elementor-top-section elementor-element elementor-element-6086660 elementor-section-boxed elementor-section-height-default elementor-section-height-default\" data-id=\"6086660\" data-element_type=\"section\" data-settings=\"{&quot;background_background&quot;:&quot;classic&quot;}\">\n\t\t\t\t\t\t<div class=\"elementor-container elementor-column-gap-default\">\n\t\t\t\t\t<div class=\"elementor-column elementor-col-50 elementor-top-column elementor-element elementor-element-30fd153\" data-id=\"30fd153\" data-element_type=\"column\" data-settings=\"{&quot;background_background&quot;:&quot;classic&quot;}\">\n\t\t\t<div class=\"elementor-widget-wrap elementor-element-populated\">\n\t\t\t\t\t\t<div class=\"elementor-element elementor-element-7e75265 elementor-widget elementor-widget-image\" data-id=\"7e75265\" data-element_type=\"widget\" data-widget_type=\"image.default\">\n\t\t\t\t<div class=\"elementor-widget-container\">\n\t\t\t\t\t\t\t\t\t\t\t\t\t\t\t<img decoding=\"async\" width=\"300\" height=\"300\" src=\"https:\/\/www.circulacar.com\/wp-content\/uploads\/2025\/06\/Edouard-300x300.png\" class=\"attachment-medium size-medium wp-image-4605\" alt=\"\" srcset=\"https:\/\/www.circulacar.com\/wp-content\/uploads\/2025\/06\/Edouard-300x300.png 300w, https:\/\/www.circulacar.com\/wp-content\/uploads\/2025\/06\/Edouard-150x150.png 150w, https:\/\/www.circulacar.com\/wp-content\/uploads\/2025\/06\/Edouard-768x768.png 768w, https:\/\/www.circulacar.com\/wp-content\/uploads\/2025\/06\/Edouard-12x12.png 12w, https:\/\/www.circulacar.com\/wp-content\/uploads\/2025\/06\/Edouard.png 800w\" sizes=\"(max-width: 300px) 100vw, 300px\" \/>\t\t\t\t\t\t\t\t\t\t\t\t\t\t\t<\/div>\n\t\t\t\t<\/div>\n\t\t\t\t\t<\/div>\n\t\t<\/div>\n\t\t\t\t<div class=\"elementor-column elementor-col-50 elementor-top-column elementor-element elementor-element-841c379\" data-id=\"841c379\" data-element_type=\"column\" data-settings=\"{&quot;background_background&quot;:&quot;classic&quot;}\">\n\t\t\t<div class=\"elementor-widget-wrap elementor-element-populated\">\n\t\t\t\t\t\t<div class=\"elementor-element elementor-element-050143f elementor-widget elementor-widget-text-editor\" data-id=\"050143f\" data-element_type=\"widget\" data-widget_type=\"text-editor.default\">\n\t\t\t\t<div class=\"elementor-widget-container\">\n\t\t\t\t\t\t\t\t\t<p><em>\"Our conversion kits are a real ecological and economical alternative for all craftsmen or communities wishing to keep their vehicles and wanting to travel in city centers!\"<\/em><\/p>\t\t\t\t\t\t\t\t<\/div>\n\t\t\t\t<\/div>\n\t\t\t\t<div class=\"elementor-element elementor-element-0962e91 elementor-widget elementor-widget-text-editor\" data-id=\"0962e91\" data-element_type=\"widget\" data-widget_type=\"text-editor.default\">\n\t\t\t\t<div class=\"elementor-widget-container\">\n\t\t\t\t\t\t\t\t\t<p>Edouard Nicola\u00ff &#8211; Cofondateur de CirculaCar<\/p>\t\t\t\t\t\t\t\t<\/div>\n\t\t\t\t<\/div>\n\t\t\t\t\t<\/div>\n\t\t<\/div>\n\t\t\t\t\t<\/div>\n\t\t<\/section>\n\t\t\t\t<\/div>","protected":false},"excerpt":{"rendered":"<p>Nos valeurs R\u00e9duire le CO2 dans les mobilit\u00e9s Cr\u00e9\u00e9e en 2022, CirculaCar a inscrit dans ses statuts de contribuer \u00e0 une mobilit\u00e9 plus propre gr\u00e2ce \u00e0 l&rsquo;\u00e9conomie circulaire et \u00e0 la prolongation de la dur\u00e9e de vie des v\u00e9hicules. En France, le secteur du transport est la premi\u00e8re source d&rsquo;\u00e9missions de CO2 \u00e0 hauteur de &hellip;<\/p>\n<p class=\"read-more\"> <a class=\"\" href=\"https:\/\/www.circulacar.com\/en\/nos-valeurs\/\"> <span class=\"screen-reader-text\">Our values<\/span> Read More &raquo;<\/a><\/p>","protected":false},"author":1,"featured_media":0,"parent":0,"menu_order":0,"comment_status":"closed","ping_status":"closed","template":"","meta":{"site-sidebar-layout":"no-sidebar","site-content-layout":"page-builder","ast-global-header-display":"","ast-main-header-display":"","ast-hfb-above-header-display":"","ast-hfb-below-header-display":"","ast-hfb-mobile-header-display":"","site-post-title":"disabled","ast-breadcrumbs-content":"","ast-featured-img":"disabled","footer-sml-layout":"","theme-transparent-header-meta":"","adv-header-id-meta":"","stick-header-meta":"","header-above-stick-meta":"","header-main-stick-meta":"","header-below-stick-meta":"","footnotes":""},"class_list":["post-1588","page","type-page","status-publish","hentry"],"yoast_head":"<!-- This site is optimized with the Yoast SEO plugin v25.5 - https:\/\/yoast.com\/wordpress\/plugins\/seo\/ -->\n<title>Nos valeurs - CirculaCar - Fabricant de packs batterie LFP - Electrification<\/title>\n<meta name=\"description\" content=\"CirculaCar a pour raison d&#039;\u00eatre de contribuer \u00e0 une mobilit\u00e9 plus propre gr\u00e2ce \u00e0 l\u2019\u00e9conomie circulaire et au r\u00e9trofit \u00e9lectrique.\" \/>\n<meta name=\"robots\" content=\"index, follow, max-snippet:-1, max-image-preview:large, max-video-preview:-1\" \/>\n<link rel=\"canonical\" href=\"https:\/\/www.circulacar.com\/en\/nos-valeurs\/\" \/>\n<meta property=\"og:locale\" content=\"en_GB\" \/>\n<meta property=\"og:type\" content=\"article\" \/>\n<meta property=\"og:title\" content=\"Nos valeurs - CirculaCar - Fabricant de packs batterie LFP - Electrification\" \/>\n<meta property=\"og:description\" content=\"CirculaCar a pour raison d&#039;\u00eatre de contribuer \u00e0 une mobilit\u00e9 plus propre gr\u00e2ce \u00e0 l\u2019\u00e9conomie circulaire et au r\u00e9trofit \u00e9lectrique.\" \/>\n<meta property=\"og:url\" content=\"https:\/\/www.circulacar.com\/en\/nos-valeurs\/\" \/>\n<meta property=\"og:site_name\" content=\"CirculaCar - Fabricant de packs batterie LFP - Electrification\" \/>\n<meta property=\"article:publisher\" content=\"https:\/\/www.facebook.com\/circulacar\" \/>\n<meta property=\"article:modified_time\" content=\"2025-06-11T14:39:56+00:00\" \/>\n<meta property=\"og:image\" content=\"https:\/\/www.circulacar.com\/wp-content\/uploads\/2022\/10\/view-of-green-forest-trees-with-co2.jpg\" \/>\n<meta name=\"twitter:card\" content=\"summary_large_image\" \/>\n<meta name=\"twitter:label1\" content=\"Estimated reading time\" \/>\n\t<meta name=\"twitter:data1\" content=\"2 minutes\" \/>\n<script type=\"application\/ld+json\" class=\"yoast-schema-graph\">{\"@context\":\"https:\/\/schema.org\",\"@graph\":[{\"@type\":\"WebPage\",\"@id\":\"https:\/\/www.circulacar.com\/nos-valeurs\/\",\"url\":\"https:\/\/www.circulacar.com\/nos-valeurs\/\",\"name\":\"Nos valeurs - CirculaCar - Fabricant de packs batterie LFP - Electrification\",\"isPartOf\":{\"@id\":\"https:\/\/www.circulacar.com\/#website\"},\"primaryImageOfPage\":{\"@id\":\"https:\/\/www.circulacar.com\/nos-valeurs\/#primaryimage\"},\"image\":{\"@id\":\"https:\/\/www.circulacar.com\/nos-valeurs\/#primaryimage\"},\"thumbnailUrl\":\"https:\/\/www.circulacar.com\/wp-content\/uploads\/2022\/10\/view-of-green-forest-trees-with-co2.jpg\",\"datePublished\":\"2022-10-22T11:13:50+00:00\",\"dateModified\":\"2025-06-11T14:39:56+00:00\",\"description\":\"CirculaCar a pour raison d'\u00eatre de contribuer \u00e0 une mobilit\u00e9 plus propre gr\u00e2ce \u00e0 l\u2019\u00e9conomie circulaire et au r\u00e9trofit \u00e9lectrique.\",\"breadcrumb\":{\"@id\":\"https:\/\/www.circulacar.com\/nos-valeurs\/#breadcrumb\"},\"inLanguage\":\"en-GB\",\"potentialAction\":[{\"@type\":\"ReadAction\",\"target\":[\"https:\/\/www.circulacar.com\/nos-valeurs\/\"]}]},{\"@type\":\"ImageObject\",\"inLanguage\":\"en-GB\",\"@id\":\"https:\/\/www.circulacar.com\/nos-valeurs\/#primaryimage\",\"url\":\"https:\/\/www.circulacar.com\/wp-content\/uploads\/2022\/10\/view-of-green-forest-trees-with-co2.jpg\",\"contentUrl\":\"https:\/\/www.circulacar.com\/wp-content\/uploads\/2022\/10\/view-of-green-forest-trees-with-co2.jpg\"},{\"@type\":\"BreadcrumbList\",\"@id\":\"https:\/\/www.circulacar.com\/nos-valeurs\/#breadcrumb\",\"itemListElement\":[{\"@type\":\"ListItem\",\"position\":1,\"name\":\"Accueil\",\"item\":\"https:\/\/www.circulacar.com\/\"},{\"@type\":\"ListItem\",\"position\":2,\"name\":\"Nos valeurs\"}]},{\"@type\":\"WebSite\",\"@id\":\"https:\/\/www.circulacar.com\/#website\",\"url\":\"https:\/\/www.circulacar.com\/\",\"name\":\"CirculaCar - Fabricant de packs batterie LFP - Electrification\",\"description\":\"Electrification de v\u00e9hicules\",\"publisher\":{\"@id\":\"https:\/\/www.circulacar.com\/#organization\"},\"potentialAction\":[{\"@type\":\"SearchAction\",\"target\":{\"@type\":\"EntryPoint\",\"urlTemplate\":\"https:\/\/www.circulacar.com\/?s={search_term_string}\"},\"query-input\":{\"@type\":\"PropertyValueSpecification\",\"valueRequired\":true,\"valueName\":\"search_term_string\"}}],\"inLanguage\":\"en-GB\"},{\"@type\":\"Organization\",\"@id\":\"https:\/\/www.circulacar.com\/#organization\",\"name\":\"CirculaCar: Convertissez votre v\u00e9hicule \u00e0 l'\u00e9lectrique\",\"url\":\"https:\/\/www.circulacar.com\/\",\"logo\":{\"@type\":\"ImageObject\",\"inLanguage\":\"en-GB\",\"@id\":\"https:\/\/www.circulacar.com\/#\/schema\/logo\/image\/\",\"url\":\"https:\/\/www.circulacar.com\/wp-content\/uploads\/2022\/10\/Logo.png\",\"contentUrl\":\"https:\/\/www.circulacar.com\/wp-content\/uploads\/2022\/10\/Logo.png\",\"width\":180,\"height\":139,\"caption\":\"CirculaCar: Convertissez votre v\u00e9hicule \u00e0 l'\u00e9lectrique\"},\"image\":{\"@id\":\"https:\/\/www.circulacar.com\/#\/schema\/logo\/image\/\"},\"sameAs\":[\"https:\/\/www.facebook.com\/circulacar\",\"https:\/\/www.linkedin.com\/company\/circulacar\",\"https:\/\/www.instagram.com\/circulacar\/\"]}]}<\/script>\n<!-- \/ Yoast SEO plugin. -->","yoast_head_json":{"title":"Nos valeurs - CirculaCar - Fabricant de packs batterie LFP - Electrification","description":"CirculaCar a pour raison d'\u00eatre de contribuer \u00e0 une mobilit\u00e9 plus propre gr\u00e2ce \u00e0 l\u2019\u00e9conomie circulaire et au r\u00e9trofit \u00e9lectrique.","robots":{"index":"index","follow":"follow","max-snippet":"max-snippet:-1","max-image-preview":"max-image-preview:large","max-video-preview":"max-video-preview:-1"},"canonical":"https:\/\/www.circulacar.com\/en\/nos-valeurs\/","og_locale":"en_GB","og_type":"article","og_title":"Nos valeurs - CirculaCar - Fabricant de packs batterie LFP - Electrification","og_description":"CirculaCar a pour raison d'\u00eatre de contribuer \u00e0 une mobilit\u00e9 plus propre gr\u00e2ce \u00e0 l\u2019\u00e9conomie circulaire et au r\u00e9trofit \u00e9lectrique.","og_url":"https:\/\/www.circulacar.com\/en\/nos-valeurs\/","og_site_name":"CirculaCar - Fabricant de packs batterie LFP - Electrification","article_publisher":"https:\/\/www.facebook.com\/circulacar","article_modified_time":"2025-06-11T14:39:56+00:00","og_image":[{"url":"https:\/\/www.circulacar.com\/wp-content\/uploads\/2022\/10\/view-of-green-forest-trees-with-co2.jpg","type":"","width":"","height":""}],"twitter_card":"summary_large_image","twitter_misc":{"Estimated reading time":"2 minutes"},"schema":{"@context":"https:\/\/schema.org","@graph":[{"@type":"WebPage","@id":"https:\/\/www.circulacar.com\/nos-valeurs\/","url":"https:\/\/www.circulacar.com\/nos-valeurs\/","name":"Nos valeurs - CirculaCar - Fabricant de packs batterie LFP - Electrification","isPartOf":{"@id":"https:\/\/www.circulacar.com\/#website"},"primaryImageOfPage":{"@id":"https:\/\/www.circulacar.com\/nos-valeurs\/#primaryimage"},"image":{"@id":"https:\/\/www.circulacar.com\/nos-valeurs\/#primaryimage"},"thumbnailUrl":"https:\/\/www.circulacar.com\/wp-content\/uploads\/2022\/10\/view-of-green-forest-trees-with-co2.jpg","datePublished":"2022-10-22T11:13:50+00:00","dateModified":"2025-06-11T14:39:56+00:00","description":"CirculaCar a pour raison d'\u00eatre de contribuer \u00e0 une mobilit\u00e9 plus propre gr\u00e2ce \u00e0 l\u2019\u00e9conomie circulaire et au r\u00e9trofit \u00e9lectrique.","breadcrumb":{"@id":"https:\/\/www.circulacar.com\/nos-valeurs\/#breadcrumb"},"inLanguage":"en-GB","potentialAction":[{"@type":"ReadAction","target":["https:\/\/www.circulacar.com\/nos-valeurs\/"]}]},{"@type":"ImageObject","inLanguage":"en-GB","@id":"https:\/\/www.circulacar.com\/nos-valeurs\/#primaryimage","url":"https:\/\/www.circulacar.com\/wp-content\/uploads\/2022\/10\/view-of-green-forest-trees-with-co2.jpg","contentUrl":"https:\/\/www.circulacar.com\/wp-content\/uploads\/2022\/10\/view-of-green-forest-trees-with-co2.jpg"},{"@type":"BreadcrumbList","@id":"https:\/\/www.circulacar.com\/nos-valeurs\/#breadcrumb","itemListElement":[{"@type":"ListItem","position":1,"name":"Accueil","item":"https:\/\/www.circulacar.com\/"},{"@type":"ListItem","position":2,"name":"Nos valeurs"}]},{"@type":"WebSite","@id":"https:\/\/www.circulacar.com\/#website","url":"https:\/\/www.circulacar.com\/","name":"CirculaCar - Fabricant de packs batterie LFP - Electrification","description":"Electrification de v\u00e9hicules","publisher":{"@id":"https:\/\/www.circulacar.com\/#organization"},"potentialAction":[{"@type":"SearchAction","target":{"@type":"EntryPoint","urlTemplate":"https:\/\/www.circulacar.com\/?s={search_term_string}"},"query-input":{"@type":"PropertyValueSpecification","valueRequired":true,"valueName":"search_term_string"}}],"inLanguage":"en-GB"},{"@type":"Organization","@id":"https:\/\/www.circulacar.com\/#organization","name":"CirculaCar: Convertissez votre v\u00e9hicule \u00e0 l'\u00e9lectrique","url":"https:\/\/www.circulacar.com\/","logo":{"@type":"ImageObject","inLanguage":"en-GB","@id":"https:\/\/www.circulacar.com\/#\/schema\/logo\/image\/","url":"https:\/\/www.circulacar.com\/wp-content\/uploads\/2022\/10\/Logo.png","contentUrl":"https:\/\/www.circulacar.com\/wp-content\/uploads\/2022\/10\/Logo.png","width":180,"height":139,"caption":"CirculaCar: Convertissez votre v\u00e9hicule \u00e0 l'\u00e9lectrique"},"image":{"@id":"https:\/\/www.circulacar.com\/#\/schema\/logo\/image\/"},"sameAs":["https:\/\/www.facebook.com\/circulacar","https:\/\/www.linkedin.com\/company\/circulacar","https:\/\/www.instagram.com\/circulacar\/"]}]}},"_links":{"self":[{"href":"https:\/\/www.circulacar.com\/en\/wp-json\/wp\/v2\/pages\/1588","targetHints":{"allow":["GET"]}}],"collection":[{"href":"https:\/\/www.circulacar.com\/en\/wp-json\/wp\/v2\/pages"}],"about":[{"href":"https:\/\/www.circulacar.com\/en\/wp-json\/wp\/v2\/types\/page"}],"author":[{"embeddable":true,"href":"https:\/\/www.circulacar.com\/en\/wp-json\/wp\/v2\/users\/1"}],"replies":[{"embeddable":true,"href":"https:\/\/www.circulacar.com\/en\/wp-json\/wp\/v2\/comments?post=1588"}],"version-history":[{"count":0,"href":"https:\/\/www.circulacar.com\/en\/wp-json\/wp\/v2\/pages\/1588\/revisions"}],"wp:attachment":[{"href":"https:\/\/www.circulacar.com\/en\/wp-json\/wp\/v2\/media?parent=1588"}],"curies":[{"name":"wp","href":"https:\/\/api.w.org\/{rel}","templated":true}]}}