{"id":2791,"date":"2024-07-12T13:53:35","date_gmt":"2024-07-12T11:53:35","guid":{"rendered":"https:\/\/www.circulacar.com\/?page_id=2791"},"modified":"2025-03-17T14:26:31","modified_gmt":"2025-03-17T13:26:31","slug":"mentions-legales","status":"publish","type":"page","link":"https:\/\/www.circulacar.com\/en\/mentions-legales\/","title":{"rendered":"Legal Notice"},"content":{"rendered":"<div data-elementor-type=\"wp-page\" data-elementor-id=\"2791\" class=\"elementor elementor-2791\">\n\t\t\t\t\t\t<section class=\"elementor-section elementor-top-section elementor-element elementor-element-1b161ad4 elementor-section-boxed elementor-section-height-default elementor-section-height-default\" data-id=\"1b161ad4\" data-element_type=\"section\">\n\t\t\t\t\t\t<div class=\"elementor-container elementor-column-gap-default\">\n\t\t\t\t\t<div class=\"elementor-column elementor-col-100 elementor-top-column elementor-element elementor-element-1475ad39\" data-id=\"1475ad39\" data-element_type=\"column\">\n\t\t\t<div class=\"elementor-widget-wrap elementor-element-populated\">\n\t\t\t\t\t\t<div class=\"elementor-element elementor-element-6360bfd3 elementor-widget elementor-widget-text-editor\" data-id=\"6360bfd3\" data-element_type=\"widget\" data-widget_type=\"text-editor.default\">\n\t\t\t\t<div class=\"elementor-widget-container\">\n\t\t\t\t\t\t\t\t\t<p><\/p>\n<p>The CirculaCar website is published by the company CirculaCar SAS with a capital of \u20ac39,221, whose head office is located at 75 Rue Joseph Moulin \u2013 69290 Craponne, France, registered with the Lyon M\u00e9tropole Trade and Companies Register under the number 914 825 740.<br \/>Number of SIRET :\u00a091482574000022 \u2013 APE 29.10Z.<br \/>Email : <a rel=\"noreferrer\">contact@circulacar.com<\/a><br \/>Director of publication : Geoffrey Pauwels<br \/>The CirculaCar website is hosted by the company OVH \u2013 2 Rue Kellermann, 59100 Roubaix, France<br \/>To contact this hosting provider, please visit the address <a href=\"http:\/\/www.ovh.com\/fr\/support\/\" target=\"_new\" rel=\"noreferrer\">http:\/\/www.ovh.com\/fr\/support\/<\/a>.<br \/>In accordance with Articles 39 and following of the law of January 6, 1978, as amended, the user has the right to access and rectify information concerning them. If you wish to exercise this right and obtain communication of your information, you can use our Contact us page.<br \/>The publisher grants the user the right to access the website <a href=\"https:\/\/nitid.global\" target=\"_new\" rel=\"noreferrer\">https:\/\/www.circulacar.com\/<\/a>\u00a0for their strictly personal and private use. Any reproduction, redistribution, or commercial use of the content, in whole or in part, is prohibited.<\/p>\n<p><\/p>\n<h5 class=\"wp-block-heading\">Article 1 - The Publisher<\/h5>\n<p><\/p>\n<p>The editing and publication management of the Site is provided by CirculaCar, located at 75 Rue Joseph Moulin, with the phone number 09 86 29 35 48.<\/p>\n<p><\/p>\n<h5 class=\"wp-block-heading\">Article 2 - The Host<\/h5>\n<p><\/p>\n<p>The host of the Site is the company OVH, headquartered at\u00a0<span style=\"background-color: var(--ast-global-color-5); font-size: 1rem;\">2 rue Kellermann 59100 Roubaix France.<\/span><\/p>\n<p><\/p>\n<h5 class=\"wp-block-heading\">Article 3 - Access to the webside<\/h5>\n<p><\/p>\n<p>The Site is accessible from anywhere, 7j\/7, 24h\/24, except in cases of force majeure, scheduled or unscheduled interruptions resulting from maintenance requirements.<br \/>In case of modification, interruption, or suspension of the Site, the Publisher cannot be held responsible.<\/p>\n<p><\/p>\n<h5 class=\"wp-block-heading\">Article 4 - Pictures, Illustrations, Photographs<\/h5>\n<p>All images, illustrations, and photographs used on this site are protected by intellectual property rights. They are provided by Circulacar, Canva, and Shutterstock. Any reproduction, distribution, or use of these images, illustrations, and photographs, in whole or in part, without prior authorization, is strictly prohibited.<\/p>\n<p>For any questions regarding usage rights or to obtain authorization, please contact us.<\/p>\n<h5>Article 5 - Collection of Data<\/h5>\n<p><\/p>\n<p><\/p>\n<p>The Site ensures to the User the collection and processing of personal information in accordance with privacy laws, specifically the law n\u00b078-17 of January 6, 1978, relating to data processing, files, and freedoms.<br \/>Under the French Data Protection Act (\"loi Informatique et Libert\u00e9s\") dated January 6, 1978, the User has the right to access, rectify, delete, and oppose their personal data. <br \/>The User exercises this right by email at the address contact@circulacar.com.<br \/>Any use, reproduction, distribution, commercialization, or modification of all or part of the Site without the Publisher's authorization is prohibited and may result in legal actions and prosecutions as provided for in the Intellectual Property Code and the Civil Code.<\/p>\n<p>\u00a0<\/p>\n<p><\/p>\t\t\t\t\t\t\t\t<\/div>\n\t\t\t\t<\/div>\n\t\t\t\t\t<\/div>\n\t\t<\/div>\n\t\t\t\t\t<\/div>\n\t\t<\/section>\n\t\t\t\t<\/div>","protected":false},"excerpt":{"rendered":"<p>Le site internet CirculaCar est \u00e9dit\u00e9 par la soci\u00e9t\u00e9 CirculaCar SAS au capital de 39 221\u20ac, dont le si\u00e8ge social est 75 rue Jospeh Moulin \u2013 69290 Craponne France, immatricul\u00e9e au registre du commerce et des soci\u00e9t\u00e9s de Lyon M\u00e9tropole sous le num\u00e9ro 914 825 740.Num\u00e9ro SIRET :\u00a091482574000022 \u2013 APE 29.10Z.Courriel : contact@circulacar.comDirecteur de la &hellip;<\/p>\n<p class=\"read-more\"> <a class=\"\" href=\"https:\/\/www.circulacar.com\/en\/mentions-legales\/\"> <span class=\"screen-reader-text\">Legal Notice<\/span> Read More &raquo;<\/a><\/p>","protected":false},"author":3,"featured_media":0,"parent":0,"menu_order":0,"comment_status":"closed","ping_status":"closed","template":"","meta":{"site-sidebar-layout":"default","site-content-layout":"default","ast-global-header-display":"","ast-main-header-display":"","ast-hfb-above-header-display":"","ast-hfb-below-header-display":"","ast-hfb-mobile-header-display":"","site-post-title":"","ast-breadcrumbs-content":"","ast-featured-img":"","footer-sml-layout":"","theme-transparent-header-meta":"","adv-header-id-meta":"","stick-header-meta":"","header-above-stick-meta":"","header-main-stick-meta":"","header-below-stick-meta":"","footnotes":""},"class_list":["post-2791","page","type-page","status-publish","hentry"],"yoast_head":"<!-- This site is optimized with the Yoast SEO plugin v25.5 - https:\/\/yoast.com\/wordpress\/plugins\/seo\/ -->\n<title>Mentions l\u00e9gales - CirculaCar - Fabricant de packs batterie LFP - Electrification<\/title>\n<meta name=\"description\" content=\"Mentions l\u00e9gales de CirculaCar : informations juridiques sur le site, l\u2019\u00e9diteur et les conditions d\u2019utilisation.\" \/>\n<meta name=\"robots\" content=\"index, follow, max-snippet:-1, max-image-preview:large, max-video-preview:-1\" \/>\n<link rel=\"canonical\" href=\"https:\/\/www.circulacar.com\/en\/mentions-legales\/\" \/>\n<meta property=\"og:locale\" content=\"en_GB\" \/>\n<meta property=\"og:type\" content=\"article\" \/>\n<meta property=\"og:title\" content=\"Mentions l\u00e9gales - CirculaCar - Fabricant de packs batterie LFP - Electrification\" \/>\n<meta property=\"og:description\" content=\"Mentions l\u00e9gales de CirculaCar : informations juridiques sur le site, l\u2019\u00e9diteur et les conditions d\u2019utilisation.\" \/>\n<meta property=\"og:url\" content=\"https:\/\/www.circulacar.com\/en\/mentions-legales\/\" \/>\n<meta property=\"og:site_name\" content=\"CirculaCar - Fabricant de packs batterie LFP - Electrification\" \/>\n<meta property=\"article:publisher\" content=\"https:\/\/www.facebook.com\/circulacar\" \/>\n<meta property=\"article:modified_time\" content=\"2025-03-17T13:26:31+00:00\" \/>\n<meta name=\"twitter:card\" content=\"summary_large_image\" \/>\n<meta name=\"twitter:label1\" content=\"Estimated reading time\" \/>\n\t<meta name=\"twitter:data1\" content=\"3 minutes\" \/>\n<script type=\"application\/ld+json\" class=\"yoast-schema-graph\">{\"@context\":\"https:\/\/schema.org\",\"@graph\":[{\"@type\":\"WebPage\",\"@id\":\"https:\/\/www.circulacar.com\/mentions-legales\/\",\"url\":\"https:\/\/www.circulacar.com\/mentions-legales\/\",\"name\":\"Mentions l\u00e9gales - CirculaCar - Fabricant de packs batterie LFP - Electrification\",\"isPartOf\":{\"@id\":\"https:\/\/www.circulacar.com\/#website\"},\"datePublished\":\"2024-07-12T11:53:35+00:00\",\"dateModified\":\"2025-03-17T13:26:31+00:00\",\"description\":\"Mentions l\u00e9gales de CirculaCar : informations juridiques sur le site, l\u2019\u00e9diteur et les conditions d\u2019utilisation.\",\"breadcrumb\":{\"@id\":\"https:\/\/www.circulacar.com\/mentions-legales\/#breadcrumb\"},\"inLanguage\":\"en-GB\",\"potentialAction\":[{\"@type\":\"ReadAction\",\"target\":[\"https:\/\/www.circulacar.com\/mentions-legales\/\"]}]},{\"@type\":\"BreadcrumbList\",\"@id\":\"https:\/\/www.circulacar.com\/mentions-legales\/#breadcrumb\",\"itemListElement\":[{\"@type\":\"ListItem\",\"position\":1,\"name\":\"Accueil\",\"item\":\"https:\/\/www.circulacar.com\/\"},{\"@type\":\"ListItem\",\"position\":2,\"name\":\"Mentions l\u00e9gales\"}]},{\"@type\":\"WebSite\",\"@id\":\"https:\/\/www.circulacar.com\/#website\",\"url\":\"https:\/\/www.circulacar.com\/\",\"name\":\"CirculaCar - Fabricant de packs batterie LFP - Electrification\",\"description\":\"Electrification de v\u00e9hicules\",\"publisher\":{\"@id\":\"https:\/\/www.circulacar.com\/#organization\"},\"potentialAction\":[{\"@type\":\"SearchAction\",\"target\":{\"@type\":\"EntryPoint\",\"urlTemplate\":\"https:\/\/www.circulacar.com\/?s={search_term_string}\"},\"query-input\":{\"@type\":\"PropertyValueSpecification\",\"valueRequired\":true,\"valueName\":\"search_term_string\"}}],\"inLanguage\":\"en-GB\"},{\"@type\":\"Organization\",\"@id\":\"https:\/\/www.circulacar.com\/#organization\",\"name\":\"CirculaCar: Convertissez votre v\u00e9hicule \u00e0 l'\u00e9lectrique\",\"url\":\"https:\/\/www.circulacar.com\/\",\"logo\":{\"@type\":\"ImageObject\",\"inLanguage\":\"en-GB\",\"@id\":\"https:\/\/www.circulacar.com\/#\/schema\/logo\/image\/\",\"url\":\"https:\/\/www.circulacar.com\/wp-content\/uploads\/2022\/10\/Logo.png\",\"contentUrl\":\"https:\/\/www.circulacar.com\/wp-content\/uploads\/2022\/10\/Logo.png\",\"width\":180,\"height\":139,\"caption\":\"CirculaCar: Convertissez votre v\u00e9hicule \u00e0 l'\u00e9lectrique\"},\"image\":{\"@id\":\"https:\/\/www.circulacar.com\/#\/schema\/logo\/image\/\"},\"sameAs\":[\"https:\/\/www.facebook.com\/circulacar\",\"https:\/\/www.linkedin.com\/company\/circulacar\",\"https:\/\/www.instagram.com\/circulacar\/\"]}]}<\/script>\n<!-- \/ Yoast SEO plugin. -->","yoast_head_json":{"title":"Mentions l\u00e9gales - CirculaCar - Fabricant de packs batterie LFP - Electrification","description":"Mentions l\u00e9gales de CirculaCar : informations juridiques sur le site, l\u2019\u00e9diteur et les conditions d\u2019utilisation.","robots":{"index":"index","follow":"follow","max-snippet":"max-snippet:-1","max-image-preview":"max-image-preview:large","max-video-preview":"max-video-preview:-1"},"canonical":"https:\/\/www.circulacar.com\/en\/mentions-legales\/","og_locale":"en_GB","og_type":"article","og_title":"Mentions l\u00e9gales - CirculaCar - Fabricant de packs batterie LFP - Electrification","og_description":"Mentions l\u00e9gales de CirculaCar : informations juridiques sur le site, l\u2019\u00e9diteur et les conditions d\u2019utilisation.","og_url":"https:\/\/www.circulacar.com\/en\/mentions-legales\/","og_site_name":"CirculaCar - Fabricant de packs batterie LFP - Electrification","article_publisher":"https:\/\/www.facebook.com\/circulacar","article_modified_time":"2025-03-17T13:26:31+00:00","twitter_card":"summary_large_image","twitter_misc":{"Estimated reading time":"3 minutes"},"schema":{"@context":"https:\/\/schema.org","@graph":[{"@type":"WebPage","@id":"https:\/\/www.circulacar.com\/mentions-legales\/","url":"https:\/\/www.circulacar.com\/mentions-legales\/","name":"Mentions l\u00e9gales - CirculaCar - Fabricant de packs batterie LFP - Electrification","isPartOf":{"@id":"https:\/\/www.circulacar.com\/#website"},"datePublished":"2024-07-12T11:53:35+00:00","dateModified":"2025-03-17T13:26:31+00:00","description":"Mentions l\u00e9gales de CirculaCar : informations juridiques sur le site, l\u2019\u00e9diteur et les conditions d\u2019utilisation.","breadcrumb":{"@id":"https:\/\/www.circulacar.com\/mentions-legales\/#breadcrumb"},"inLanguage":"en-GB","potentialAction":[{"@type":"ReadAction","target":["https:\/\/www.circulacar.com\/mentions-legales\/"]}]},{"@type":"BreadcrumbList","@id":"https:\/\/www.circulacar.com\/mentions-legales\/#breadcrumb","itemListElement":[{"@type":"ListItem","position":1,"name":"Accueil","item":"https:\/\/www.circulacar.com\/"},{"@type":"ListItem","position":2,"name":"Mentions l\u00e9gales"}]},{"@type":"WebSite","@id":"https:\/\/www.circulacar.com\/#website","url":"https:\/\/www.circulacar.com\/","name":"CirculaCar - Fabricant de packs batterie LFP - Electrification","description":"Electrification de v\u00e9hicules","publisher":{"@id":"https:\/\/www.circulacar.com\/#organization"},"potentialAction":[{"@type":"SearchAction","target":{"@type":"EntryPoint","urlTemplate":"https:\/\/www.circulacar.com\/?s={search_term_string}"},"query-input":{"@type":"PropertyValueSpecification","valueRequired":true,"valueName":"search_term_string"}}],"inLanguage":"en-GB"},{"@type":"Organization","@id":"https:\/\/www.circulacar.com\/#organization","name":"CirculaCar: Convertissez votre v\u00e9hicule \u00e0 l'\u00e9lectrique","url":"https:\/\/www.circulacar.com\/","logo":{"@type":"ImageObject","inLanguage":"en-GB","@id":"https:\/\/www.circulacar.com\/#\/schema\/logo\/image\/","url":"https:\/\/www.circulacar.com\/wp-content\/uploads\/2022\/10\/Logo.png","contentUrl":"https:\/\/www.circulacar.com\/wp-content\/uploads\/2022\/10\/Logo.png","width":180,"height":139,"caption":"CirculaCar: Convertissez votre v\u00e9hicule \u00e0 l'\u00e9lectrique"},"image":{"@id":"https:\/\/www.circulacar.com\/#\/schema\/logo\/image\/"},"sameAs":["https:\/\/www.facebook.com\/circulacar","https:\/\/www.linkedin.com\/company\/circulacar","https:\/\/www.instagram.com\/circulacar\/"]}]}},"_links":{"self":[{"href":"https:\/\/www.circulacar.com\/en\/wp-json\/wp\/v2\/pages\/2791","targetHints":{"allow":["GET"]}}],"collection":[{"href":"https:\/\/www.circulacar.com\/en\/wp-json\/wp\/v2\/pages"}],"about":[{"href":"https:\/\/www.circulacar.com\/en\/wp-json\/wp\/v2\/types\/page"}],"author":[{"embeddable":true,"href":"https:\/\/www.circulacar.com\/en\/wp-json\/wp\/v2\/users\/3"}],"replies":[{"embeddable":true,"href":"https:\/\/www.circulacar.com\/en\/wp-json\/wp\/v2\/comments?post=2791"}],"version-history":[{"count":0,"href":"https:\/\/www.circulacar.com\/en\/wp-json\/wp\/v2\/pages\/2791\/revisions"}],"wp:attachment":[{"href":"https:\/\/www.circulacar.com\/en\/wp-json\/wp\/v2\/media?parent=2791"}],"curies":[{"name":"wp","href":"https:\/\/api.w.org\/{rel}","templated":true}]}}