{"id":4074,"date":"2025-02-11T13:45:48","date_gmt":"2025-02-11T12:45:48","guid":{"rendered":"https:\/\/www.circulacar.com\/offres-demploi\/"},"modified":"2025-03-17T15:27:39","modified_gmt":"2025-03-17T14:27:39","slug":"offres-demploi","status":"publish","type":"page","link":"https:\/\/www.circulacar.com\/en\/offres-demploi\/","title":{"rendered":"Job offers"},"content":{"rendered":"<div class=\"job_listings\" data-location=\"\" data-keywords=\"\" data-show_filters=\"true\" data-show_pagination=\"false\" data-per_page=\"10\" data-orderby=\"featured\" data-order=\"DESC\" data-categories=\"\" data-disable-form-state-storage=\"\" data-featured_first=\"false\" data-post_id=\"4074\" >\n<form class=\"job_filters\" action=\"\">\n\t\n\t<div class=\"search_jobs\">\n\t\t\n\t\t<div class=\"search_keywords\">\n\t\t\t<label for=\"search_keywords\">Keywords<\/label>\n\t\t\t<input type=\"text\" name=\"search_keywords\" id=\"search_keywords\" placeholder=\"Keywords\" value=\"\" \/>\n\t\t<\/div>\n\n\t\t<div class=\"search_location\">\n\t\t\t<label for=\"search_location\">Location<\/label>\n\t\t\t<input type=\"text\" name=\"search_location\" id=\"search_location\" placeholder=\"Location\" value=\"\" \/>\n\t\t<\/div>\n\n\t\t\t\t\t<div class=\"search_remote_position\">\n\t\t\t\t<input type=\"checkbox\" class=\"input-checkbox\" name=\"remote_position\" id=\"remote_position\" placeholder=\"Location\" value=\"1\"  \/>\n\t\t\t\t<label for=\"remote_position\" id=\"remote_position_label\">Remote positions only<\/label>\n\t\t\t<\/div>\n\t\t\n\t\t<div style=\"clear: both\"><\/div>\n\n\t\t\n\t\t\t\t\t<div class=\"search_submit\">\n\t\t\t\t<input type=\"submit\" value=\"Search Jobs\">\n\t\t\t<\/div>\n\t\t\n\t\t\t<\/div>\n\n\t\t<ul class=\"job_types\">\n\t\t\t\t\t<li><label for=\"job_type_freelance\" class=\"freelance\"><input type=\"checkbox\" name=\"filter_job_type[]\" value=\"freelance\"  checked='checked' id=\"job_type_freelance\" \/> Freelance<\/label><\/li>\n\t\t\t\t\t<li><label for=\"job_type_full-time\" class=\"full-time\"><input type=\"checkbox\" name=\"filter_job_type[]\" value=\"full-time\"  checked='checked' id=\"job_type_full-time\" \/> Full Time<\/label><\/li>\n\t\t\t\t\t<li><label for=\"job_type_internship\" class=\"internship\"><input type=\"checkbox\" name=\"filter_job_type[]\" value=\"internship\"  checked='checked' id=\"job_type_internship\" \/> Internship<\/label><\/li>\n\t\t\t\t\t<li><label for=\"job_type_part-time\" class=\"part-time\"><input type=\"checkbox\" name=\"filter_job_type[]\" value=\"part-time\"  checked='checked' id=\"job_type_part-time\" \/> Part Time<\/label><\/li>\n\t\t\t\t\t<li><label for=\"job_type_temporary\" class=\"temporary\"><input type=\"checkbox\" name=\"filter_job_type[]\" value=\"temporary\"  checked='checked' id=\"job_type_temporary\" \/> Temporary<\/label><\/li>\n\t\t\t<\/ul>\n\t<input type=\"hidden\" name=\"filter_job_type[]\" value=\"\" \/>\n<div class=\"showing_jobs\"><\/div><input type=\"hidden\" name=\"trp-form-language\" value=\"en\"\/><\/form>\n\n\n<noscript>Your browser does not support JavaScript, or it is disabled. JavaScript must be enabled in order to view listings.<\/noscript>\n<ul class=\"job_listings\">\n<\/ul>\n<a class=\"load_more_jobs\" href=\"#\" style=\"display:none;\"><strong>Load more listings<\/strong><\/a><\/div>","protected":false},"excerpt":{"rendered":"","protected":false},"author":3,"featured_media":0,"parent":0,"menu_order":0,"comment_status":"closed","ping_status":"closed","template":"","meta":{"site-sidebar-layout":"default","site-content-layout":"default","ast-global-header-display":"","ast-main-header-display":"","ast-hfb-above-header-display":"","ast-hfb-below-header-display":"","ast-hfb-mobile-header-display":"","site-post-title":"","ast-breadcrumbs-content":"","ast-featured-img":"","footer-sml-layout":"","theme-transparent-header-meta":"","adv-header-id-meta":"","stick-header-meta":"","header-above-stick-meta":"","header-main-stick-meta":"","header-below-stick-meta":"","footnotes":""},"class_list":["post-4074","page","type-page","status-publish","hentry"],"yoast_head":"<!-- This site is optimized with the Yoast SEO plugin v25.5 - https:\/\/yoast.com\/wordpress\/plugins\/seo\/ -->\n<title>Offres d\u2019emploi - CirculaCar - Fabricant de packs batterie LFP - Electrification<\/title>\n<meta name=\"description\" content=\"Offres d\u2019emploi chez CirculaCar : int\u00e9grez une \u00e9quipe engag\u00e9e dans le r\u00e9trofit \u00e9lectrique et la mobilit\u00e9 durable.\" \/>\n<meta name=\"robots\" content=\"index, follow, max-snippet:-1, max-image-preview:large, max-video-preview:-1\" \/>\n<link rel=\"canonical\" href=\"https:\/\/www.circulacar.com\/en\/offres-demploi\/\" \/>\n<meta property=\"og:locale\" content=\"en_GB\" \/>\n<meta property=\"og:type\" content=\"article\" \/>\n<meta property=\"og:title\" content=\"Offres d\u2019emploi - CirculaCar - Fabricant de packs batterie LFP - Electrification\" \/>\n<meta property=\"og:description\" content=\"Offres d\u2019emploi chez CirculaCar : int\u00e9grez une \u00e9quipe engag\u00e9e dans le r\u00e9trofit \u00e9lectrique et la mobilit\u00e9 durable.\" \/>\n<meta property=\"og:url\" content=\"https:\/\/www.circulacar.com\/en\/offres-demploi\/\" \/>\n<meta property=\"og:site_name\" content=\"CirculaCar - Fabricant de packs batterie LFP - Electrification\" \/>\n<meta property=\"article:publisher\" content=\"https:\/\/www.facebook.com\/circulacar\" \/>\n<meta property=\"article:modified_time\" content=\"2025-03-17T14:27:39+00:00\" \/>\n<meta name=\"twitter:card\" content=\"summary_large_image\" \/>\n<meta name=\"twitter:label1\" content=\"Estimated reading time\" \/>\n\t<meta name=\"twitter:data1\" content=\"1 minute\" \/>\n<script type=\"application\/ld+json\" class=\"yoast-schema-graph\">{\"@context\":\"https:\/\/schema.org\",\"@graph\":[{\"@type\":\"WebPage\",\"@id\":\"https:\/\/www.circulacar.com\/offres-demploi\/\",\"url\":\"https:\/\/www.circulacar.com\/offres-demploi\/\",\"name\":\"Offres d\u2019emploi - CirculaCar - Fabricant de packs batterie LFP - Electrification\",\"isPartOf\":{\"@id\":\"https:\/\/www.circulacar.com\/#website\"},\"datePublished\":\"2025-02-11T12:45:48+00:00\",\"dateModified\":\"2025-03-17T14:27:39+00:00\",\"description\":\"Offres d\u2019emploi chez CirculaCar : int\u00e9grez une \u00e9quipe engag\u00e9e dans le r\u00e9trofit \u00e9lectrique et la mobilit\u00e9 durable.\",\"breadcrumb\":{\"@id\":\"https:\/\/www.circulacar.com\/offres-demploi\/#breadcrumb\"},\"inLanguage\":\"en-GB\",\"potentialAction\":[{\"@type\":\"ReadAction\",\"target\":[\"https:\/\/www.circulacar.com\/offres-demploi\/\"]}]},{\"@type\":\"BreadcrumbList\",\"@id\":\"https:\/\/www.circulacar.com\/offres-demploi\/#breadcrumb\",\"itemListElement\":[{\"@type\":\"ListItem\",\"position\":1,\"name\":\"Accueil\",\"item\":\"https:\/\/www.circulacar.com\/\"},{\"@type\":\"ListItem\",\"position\":2,\"name\":\"Offres d\u2019emploi\"}]},{\"@type\":\"WebSite\",\"@id\":\"https:\/\/www.circulacar.com\/#website\",\"url\":\"https:\/\/www.circulacar.com\/\",\"name\":\"CirculaCar - Fabricant de packs batterie LFP - Electrification\",\"description\":\"Electrification de v\u00e9hicules\",\"publisher\":{\"@id\":\"https:\/\/www.circulacar.com\/#organization\"},\"potentialAction\":[{\"@type\":\"SearchAction\",\"target\":{\"@type\":\"EntryPoint\",\"urlTemplate\":\"https:\/\/www.circulacar.com\/?s={search_term_string}\"},\"query-input\":{\"@type\":\"PropertyValueSpecification\",\"valueRequired\":true,\"valueName\":\"search_term_string\"}}],\"inLanguage\":\"en-GB\"},{\"@type\":\"Organization\",\"@id\":\"https:\/\/www.circulacar.com\/#organization\",\"name\":\"CirculaCar: Convertissez votre v\u00e9hicule \u00e0 l'\u00e9lectrique\",\"url\":\"https:\/\/www.circulacar.com\/\",\"logo\":{\"@type\":\"ImageObject\",\"inLanguage\":\"en-GB\",\"@id\":\"https:\/\/www.circulacar.com\/#\/schema\/logo\/image\/\",\"url\":\"https:\/\/www.circulacar.com\/wp-content\/uploads\/2022\/10\/Logo.png\",\"contentUrl\":\"https:\/\/www.circulacar.com\/wp-content\/uploads\/2022\/10\/Logo.png\",\"width\":180,\"height\":139,\"caption\":\"CirculaCar: Convertissez votre v\u00e9hicule \u00e0 l'\u00e9lectrique\"},\"image\":{\"@id\":\"https:\/\/www.circulacar.com\/#\/schema\/logo\/image\/\"},\"sameAs\":[\"https:\/\/www.facebook.com\/circulacar\",\"https:\/\/www.linkedin.com\/company\/circulacar\",\"https:\/\/www.instagram.com\/circulacar\/\"]}]}<\/script>\n<!-- \/ Yoast SEO plugin. -->","yoast_head_json":{"title":"Offres d\u2019emploi - CirculaCar - Fabricant de packs batterie LFP - Electrification","description":"Offres d\u2019emploi chez CirculaCar : int\u00e9grez une \u00e9quipe engag\u00e9e dans le r\u00e9trofit \u00e9lectrique et la mobilit\u00e9 durable.","robots":{"index":"index","follow":"follow","max-snippet":"max-snippet:-1","max-image-preview":"max-image-preview:large","max-video-preview":"max-video-preview:-1"},"canonical":"https:\/\/www.circulacar.com\/en\/offres-demploi\/","og_locale":"en_GB","og_type":"article","og_title":"Offres d\u2019emploi - CirculaCar - Fabricant de packs batterie LFP - Electrification","og_description":"Offres d\u2019emploi chez CirculaCar : int\u00e9grez une \u00e9quipe engag\u00e9e dans le r\u00e9trofit \u00e9lectrique et la mobilit\u00e9 durable.","og_url":"https:\/\/www.circulacar.com\/en\/offres-demploi\/","og_site_name":"CirculaCar - Fabricant de packs batterie LFP - Electrification","article_publisher":"https:\/\/www.facebook.com\/circulacar","article_modified_time":"2025-03-17T14:27:39+00:00","twitter_card":"summary_large_image","twitter_misc":{"Estimated reading time":"1 minute"},"schema":{"@context":"https:\/\/schema.org","@graph":[{"@type":"WebPage","@id":"https:\/\/www.circulacar.com\/offres-demploi\/","url":"https:\/\/www.circulacar.com\/offres-demploi\/","name":"Offres d\u2019emploi - CirculaCar - Fabricant de packs batterie LFP - Electrification","isPartOf":{"@id":"https:\/\/www.circulacar.com\/#website"},"datePublished":"2025-02-11T12:45:48+00:00","dateModified":"2025-03-17T14:27:39+00:00","description":"Offres d\u2019emploi chez CirculaCar : int\u00e9grez une \u00e9quipe engag\u00e9e dans le r\u00e9trofit \u00e9lectrique et la mobilit\u00e9 durable.","breadcrumb":{"@id":"https:\/\/www.circulacar.com\/offres-demploi\/#breadcrumb"},"inLanguage":"en-GB","potentialAction":[{"@type":"ReadAction","target":["https:\/\/www.circulacar.com\/offres-demploi\/"]}]},{"@type":"BreadcrumbList","@id":"https:\/\/www.circulacar.com\/offres-demploi\/#breadcrumb","itemListElement":[{"@type":"ListItem","position":1,"name":"Accueil","item":"https:\/\/www.circulacar.com\/"},{"@type":"ListItem","position":2,"name":"Offres d\u2019emploi"}]},{"@type":"WebSite","@id":"https:\/\/www.circulacar.com\/#website","url":"https:\/\/www.circulacar.com\/","name":"CirculaCar - Fabricant de packs batterie LFP - Electrification","description":"Electrification de v\u00e9hicules","publisher":{"@id":"https:\/\/www.circulacar.com\/#organization"},"potentialAction":[{"@type":"SearchAction","target":{"@type":"EntryPoint","urlTemplate":"https:\/\/www.circulacar.com\/?s={search_term_string}"},"query-input":{"@type":"PropertyValueSpecification","valueRequired":true,"valueName":"search_term_string"}}],"inLanguage":"en-GB"},{"@type":"Organization","@id":"https:\/\/www.circulacar.com\/#organization","name":"CirculaCar: Convertissez votre v\u00e9hicule \u00e0 l'\u00e9lectrique","url":"https:\/\/www.circulacar.com\/","logo":{"@type":"ImageObject","inLanguage":"en-GB","@id":"https:\/\/www.circulacar.com\/#\/schema\/logo\/image\/","url":"https:\/\/www.circulacar.com\/wp-content\/uploads\/2022\/10\/Logo.png","contentUrl":"https:\/\/www.circulacar.com\/wp-content\/uploads\/2022\/10\/Logo.png","width":180,"height":139,"caption":"CirculaCar: Convertissez votre v\u00e9hicule \u00e0 l'\u00e9lectrique"},"image":{"@id":"https:\/\/www.circulacar.com\/#\/schema\/logo\/image\/"},"sameAs":["https:\/\/www.facebook.com\/circulacar","https:\/\/www.linkedin.com\/company\/circulacar","https:\/\/www.instagram.com\/circulacar\/"]}]}},"_links":{"self":[{"href":"https:\/\/www.circulacar.com\/en\/wp-json\/wp\/v2\/pages\/4074","targetHints":{"allow":["GET"]}}],"collection":[{"href":"https:\/\/www.circulacar.com\/en\/wp-json\/wp\/v2\/pages"}],"about":[{"href":"https:\/\/www.circulacar.com\/en\/wp-json\/wp\/v2\/types\/page"}],"author":[{"embeddable":true,"href":"https:\/\/www.circulacar.com\/en\/wp-json\/wp\/v2\/users\/3"}],"replies":[{"embeddable":true,"href":"https:\/\/www.circulacar.com\/en\/wp-json\/wp\/v2\/comments?post=4074"}],"version-history":[{"count":0,"href":"https:\/\/www.circulacar.com\/en\/wp-json\/wp\/v2\/pages\/4074\/revisions"}],"wp:attachment":[{"href":"https:\/\/www.circulacar.com\/en\/wp-json\/wp\/v2\/media?parent=4074"}],"curies":[{"name":"wp","href":"https:\/\/api.w.org\/{rel}","templated":true}]}}